{"id":9,"date":"2021-04-24T17:30:15","date_gmt":"2021-04-24T15:30:15","guid":{"rendered":"https:\/\/www.dentie.sk\/?page_id=9"},"modified":"2025-09-26T11:05:34","modified_gmt":"2025-09-26T09:05:34","slug":"kontakt","status":"publish","type":"page","link":"https:\/\/www.dentie.sk\/?page_id=9","title":{"rendered":"Kontakt"},"content":{"rendered":"\n<p><\/p>\n\n\n\n<p class=\"has-black-color has-text-color\"><strong>DENTIE, s.r.o.<\/strong> <\/p>\n\n\n\n<p class=\"has-black-color has-text-color\"><strong>O\u0161\u010dadnica 2220<\/strong><\/p>\n\n\n\n<p class=\"has-black-color has-text-color\"><strong>023 01<\/strong><\/p>\n\n\n\n<p class=\"has-black-color has-text-color\"><strong>t.\u010d.: 0911 801 108<\/strong><\/p>\n\n\n\n<p class=\"has-black-color has-text-color\"><strong>email: info@dentie.sk<\/strong><\/p>\n\n\n\n<p class=\"has-black-color has-text-color\"><strong>www.dentie.sk<\/strong><\/p>\n\n\n\n<p class=\"has-black-color has-text-color\">I\u010cO: 456 905 37<\/p>\n\n\n\n<p class=\"has-black-color has-text-color\">Najbli\u017e\u0161ia autobusov\u00e1 zast\u00e1vka je &#8222;O\u0161\u010dadnica \u00daNZ&#8220;<\/p>\n\n\n\n<ul id=\"block-bf0b4162-6c47-4eb9-bc3f-c3865b0be2dd\"><li>zatia\u013e nie sme v GPS (novostavba), n\u00e1jdete n\u00e1s takto \ud83d\ude42<\/li><li>od kostola v centre (ak idete z doln\u00e9ho konca\/zo \u017diliny\/\u010cadce) p\u00f4jdete smer Laliky (rovno) a druh\u00e1 odbo\u010dka vpravo k supermarketu Terno Coop Jednota, n\u00e1sledne rovno (po \u013eavej strane m\u00e1te Coop) a za predaj\u0148ou v\u013eavo dohora po panelovej ceste \/oznam &#8222;s\u00fakromn\u00fd pozemok&#8220; si nev\u0161\u00edmate \ud83d\ude42 \/, na konci panelovky vpravo resp. kolmo hore po novom bet\u00f3ne a uvid\u00edte bielu budovu. Zaparkova\u0165 m\u00f4\u017eete kdeko\u013evek. Zvoni\u0165 na prav\u00e9 dvere.<\/li><li>autobusov\u00e1 zast\u00e1vka je \u00daNZ O\u0161\u010dadnica (star\u00e9 zdravotn\u00e9 stredisko), od neho popri ceste smerom k Coop Jednota Terno cca 50m a postup vi\u010f vy\u0161\u0161ie<\/li><\/ul>\n\n\n\n<figure class=\"wp-block-image size-large\"><img loading=\"lazy\" width=\"576\" height=\"1024\" src=\"https:\/\/www.dentie.sk\/wp-content\/uploads\/2025\/09\/20250414_081110-edit-1-576x1024.jpg\" alt=\"\" class=\"wp-image-595\" srcset=\"https:\/\/www.dentie.sk\/wp-content\/uploads\/2025\/09\/20250414_081110-edit-1-576x1024.jpg 576w, https:\/\/www.dentie.sk\/wp-content\/uploads\/2025\/09\/20250414_081110-edit-1-169x300.jpg 169w, https:\/\/www.dentie.sk\/wp-content\/uploads\/2025\/09\/20250414_081110-edit-1-768x1365.jpg 768w, https:\/\/www.dentie.sk\/wp-content\/uploads\/2025\/09\/20250414_081110-edit-1-864x1536.jpg 864w, https:\/\/www.dentie.sk\/wp-content\/uploads\/2025\/09\/20250414_081110-edit-1-1153x2048.jpg 1153w, https:\/\/www.dentie.sk\/wp-content\/uploads\/2025\/09\/20250414_081110-edit-1-scaled.jpg 1441w\" sizes=\"(max-width: 576px) 100vw, 576px\" \/><\/figure>\n\n\n\n<figure class=\"wp-block-image size-large\"><img loading=\"lazy\" width=\"576\" height=\"1024\" src=\"https:\/\/www.dentie.sk\/wp-content\/uploads\/2025\/09\/20250414_081004-edit1-1-576x1024.jpg\" alt=\"\" class=\"wp-image-593\" srcset=\"https:\/\/www.dentie.sk\/wp-content\/uploads\/2025\/09\/20250414_081004-edit1-1-576x1024.jpg 576w, https:\/\/www.dentie.sk\/wp-content\/uploads\/2025\/09\/20250414_081004-edit1-1-169x300.jpg 169w, https:\/\/www.dentie.sk\/wp-content\/uploads\/2025\/09\/20250414_081004-edit1-1-768x1365.jpg 768w, https:\/\/www.dentie.sk\/wp-content\/uploads\/2025\/09\/20250414_081004-edit1-1-864x1536.jpg 864w, https:\/\/www.dentie.sk\/wp-content\/uploads\/2025\/09\/20250414_081004-edit1-1-1153x2048.jpg 1153w, https:\/\/www.dentie.sk\/wp-content\/uploads\/2025\/09\/20250414_081004-edit1-1-scaled.jpg 1441w\" sizes=\"(max-width: 576px) 100vw, 576px\" \/><\/figure>\n\n\n\n<figure class=\"wp-block-image size-large\"><img loading=\"lazy\" width=\"743\" height=\"1024\" src=\"https:\/\/www.dentie.sk\/wp-content\/uploads\/2025\/09\/mapa-k-nam-do-novej-amb-1-743x1024.jpg\" alt=\"\" class=\"wp-image-588\" srcset=\"https:\/\/www.dentie.sk\/wp-content\/uploads\/2025\/09\/mapa-k-nam-do-novej-amb-1-743x1024.jpg 743w, https:\/\/www.dentie.sk\/wp-content\/uploads\/2025\/09\/mapa-k-nam-do-novej-amb-1-218x300.jpg 218w, https:\/\/www.dentie.sk\/wp-content\/uploads\/2025\/09\/mapa-k-nam-do-novej-amb-1-768x1058.jpg 768w, https:\/\/www.dentie.sk\/wp-content\/uploads\/2025\/09\/mapa-k-nam-do-novej-amb-1-1115x1536.jpg 1115w, https:\/\/www.dentie.sk\/wp-content\/uploads\/2025\/09\/mapa-k-nam-do-novej-amb-1-1487x2048.jpg 1487w, https:\/\/www.dentie.sk\/wp-content\/uploads\/2025\/09\/mapa-k-nam-do-novej-amb-1-scaled.jpg 1859w\" sizes=\"(max-width: 743px) 100vw, 743px\" \/><\/figure>\n","protected":false},"excerpt":{"rendered":"<p>DENTIE, s.r.o. O\u0161\u010dadnica 2220 023 01 t.\u010d.: 0911 801 108 email: info@dentie.sk www.dentie.sk I\u010cO: 456 905 37 Najbli\u017e\u0161ia autobusov\u00e1 zast\u00e1vka je &#8222;O\u0161\u010dadnica \u00daNZ&#8220; zatia\u013e nie sme v GPS (novostavba), n\u00e1jdete n\u00e1s takto \ud83d\ude42 od kostola v centre (ak idete z doln\u00e9ho konca\/zo \u017diliny\/\u010cadce) p\u00f4jdete smer Laliky (rovno) a druh\u00e1 odbo\u010dka vpravo k supermarketu Terno Coop [&hellip;]<\/p>\n","protected":false},"author":1,"featured_media":0,"parent":0,"menu_order":7,"comment_status":"closed","ping_status":"closed","template":"","meta":[],"yoast_head":"<!-- This site is optimized with the Yoast SEO plugin v16.0.2 - https:\/\/yoast.com\/wordpress\/plugins\/seo\/ -->\n<title>Kontakt - DENTIE zubn\u00e1 ambulancia a ambulancia dent\u00e1lnej hygieny<\/title>\n<meta name=\"robots\" content=\"index, follow, max-snippet:-1, max-image-preview:large, max-video-preview:-1\" \/>\n<link rel=\"canonical\" href=\"https:\/\/www.dentie.sk\/?page_id=9\" \/>\n<meta property=\"og:locale\" content=\"sk_SK\" \/>\n<meta property=\"og:type\" content=\"article\" \/>\n<meta property=\"og:title\" content=\"Kontakt - DENTIE zubn\u00e1 ambulancia a ambulancia dent\u00e1lnej hygieny\" \/>\n<meta property=\"og:description\" content=\"DENTIE, s.r.o. O\u0161\u010dadnica 2220 023 01 t.\u010d.: 0911 801 108 email: info@dentie.sk www.dentie.sk I\u010cO: 456 905 37 Najbli\u017e\u0161ia autobusov\u00e1 zast\u00e1vka je &#8222;O\u0161\u010dadnica \u00daNZ&#8220; zatia\u013e nie sme v GPS (novostavba), n\u00e1jdete n\u00e1s takto \ud83d\ude42 od kostola v centre (ak idete z doln\u00e9ho konca\/zo \u017diliny\/\u010cadce) p\u00f4jdete smer Laliky (rovno) a druh\u00e1 odbo\u010dka vpravo k supermarketu Terno Coop [&hellip;]\" \/>\n<meta property=\"og:url\" content=\"https:\/\/www.dentie.sk\/?page_id=9\" \/>\n<meta property=\"og:site_name\" content=\"DENTIE zubn\u00e1 ambulancia a ambulancia dent\u00e1lnej hygieny\" \/>\n<meta property=\"article:modified_time\" content=\"2025-09-26T09:05:34+00:00\" \/>\n<meta property=\"og:image\" content=\"https:\/\/www.dentie.sk\/wp-content\/uploads\/2025\/09\/20250414_081110-edit-1-576x1024.jpg\" \/>\n<meta name=\"twitter:card\" content=\"summary_large_image\" \/>\n<meta name=\"twitter:label1\" content=\"Predpokladan\u00fd \u010das \u010d\u00edtania\">\n\t<meta name=\"twitter:data1\" content=\"2 min\u00faty\">\n<script type=\"application\/ld+json\" class=\"yoast-schema-graph\">{\"@context\":\"https:\/\/schema.org\",\"@graph\":[{\"@type\":\"WebSite\",\"@id\":\"https:\/\/www.dentie.sk\/#website\",\"url\":\"https:\/\/www.dentie.sk\/\",\"name\":\"DENTIE zubn\\u00e1 ambulancia a ambulancia dent\\u00e1lnej hygieny\",\"description\":\"\",\"potentialAction\":[{\"@type\":\"SearchAction\",\"target\":\"https:\/\/www.dentie.sk\/?s={search_term_string}\",\"query-input\":\"required name=search_term_string\"}],\"inLanguage\":\"sk-SK\"},{\"@type\":\"ImageObject\",\"@id\":\"https:\/\/www.dentie.sk\/?page_id=9#primaryimage\",\"inLanguage\":\"sk-SK\",\"url\":\"https:\/\/www.dentie.sk\/wp-content\/uploads\/2025\/09\/20250414_081110-edit-1-scaled.jpg\",\"width\":1441,\"height\":2560},{\"@type\":\"WebPage\",\"@id\":\"https:\/\/www.dentie.sk\/?page_id=9#webpage\",\"url\":\"https:\/\/www.dentie.sk\/?page_id=9\",\"name\":\"Kontakt - DENTIE zubn\\u00e1 ambulancia a ambulancia dent\\u00e1lnej hygieny\",\"isPartOf\":{\"@id\":\"https:\/\/www.dentie.sk\/#website\"},\"primaryImageOfPage\":{\"@id\":\"https:\/\/www.dentie.sk\/?page_id=9#primaryimage\"},\"datePublished\":\"2021-04-24T15:30:15+00:00\",\"dateModified\":\"2025-09-26T09:05:34+00:00\",\"breadcrumb\":{\"@id\":\"https:\/\/www.dentie.sk\/?page_id=9#breadcrumb\"},\"inLanguage\":\"sk-SK\",\"potentialAction\":[{\"@type\":\"ReadAction\",\"target\":[\"https:\/\/www.dentie.sk\/?page_id=9\"]}]},{\"@type\":\"BreadcrumbList\",\"@id\":\"https:\/\/www.dentie.sk\/?page_id=9#breadcrumb\",\"itemListElement\":[{\"@type\":\"ListItem\",\"position\":1,\"item\":{\"@type\":\"WebPage\",\"@id\":\"https:\/\/www.dentie.sk\/\",\"url\":\"https:\/\/www.dentie.sk\/\",\"name\":\"Home\"}},{\"@type\":\"ListItem\",\"position\":2,\"item\":{\"@type\":\"WebPage\",\"@id\":\"https:\/\/www.dentie.sk\/?page_id=9\",\"url\":\"https:\/\/www.dentie.sk\/?page_id=9\",\"name\":\"Kontakt\"}}]}]}<\/script>\n<!-- \/ Yoast SEO plugin. -->","_links":{"self":[{"href":"https:\/\/www.dentie.sk\/index.php?rest_route=\/wp\/v2\/pages\/9"}],"collection":[{"href":"https:\/\/www.dentie.sk\/index.php?rest_route=\/wp\/v2\/pages"}],"about":[{"href":"https:\/\/www.dentie.sk\/index.php?rest_route=\/wp\/v2\/types\/page"}],"author":[{"embeddable":true,"href":"https:\/\/www.dentie.sk\/index.php?rest_route=\/wp\/v2\/users\/1"}],"replies":[{"embeddable":true,"href":"https:\/\/www.dentie.sk\/index.php?rest_route=%2Fwp%2Fv2%2Fcomments&post=9"}],"version-history":[{"count":5,"href":"https:\/\/www.dentie.sk\/index.php?rest_route=\/wp\/v2\/pages\/9\/revisions"}],"predecessor-version":[{"id":596,"href":"https:\/\/www.dentie.sk\/index.php?rest_route=\/wp\/v2\/pages\/9\/revisions\/596"}],"wp:attachment":[{"href":"https:\/\/www.dentie.sk\/index.php?rest_route=%2Fwp%2Fv2%2Fmedia&parent=9"}],"curies":[{"name":"wp","href":"https:\/\/api.w.org\/{rel}","templated":true}]}}