{"id":16,"date":"2021-04-24T17:30:15","date_gmt":"2021-04-24T15:30:15","guid":{"rendered":"https:\/\/www.dentie.sk\/?page_id=16"},"modified":"2021-04-25T16:58:01","modified_gmt":"2021-04-25T14:58:01","slug":"fotogaleria","status":"publish","type":"page","link":"https:\/\/www.dentie.sk\/?page_id=16","title":{"rendered":"Fotogal\u00e9ria"},"content":{"rendered":"\n<figure class=\"wp-block-gallery columns-1\"><ul class=\"blocks-gallery-grid\"><li class=\"blocks-gallery-item\"><figure><img loading=\"lazy\" width=\"1024\" height=\"683\" src=\"https:\/\/www.dentie.sk\/wp-content\/uploads\/2021\/04\/DSC3631-1-1024x683.jpg\" alt=\"\" data-id=\"48\" data-link=\"https:\/\/www.dentie.sk\/?attachment_id=48\" class=\"wp-image-48\" srcset=\"https:\/\/www.dentie.sk\/wp-content\/uploads\/2021\/04\/DSC3631-1-1024x683.jpg 1024w, https:\/\/www.dentie.sk\/wp-content\/uploads\/2021\/04\/DSC3631-1-300x200.jpg 300w, https:\/\/www.dentie.sk\/wp-content\/uploads\/2021\/04\/DSC3631-1-768x512.jpg 768w, https:\/\/www.dentie.sk\/wp-content\/uploads\/2021\/04\/DSC3631-1-1536x1024.jpg 1536w, https:\/\/www.dentie.sk\/wp-content\/uploads\/2021\/04\/DSC3631-1-2048x1366.jpg 2048w\" sizes=\"(max-width: 1024px) 100vw, 1024px\" \/><figcaption class=\"blocks-gallery-item__caption\">Recepcia, detsk\u00fd k\u00fatik<\/figcaption><\/figure><\/li><\/ul><\/figure>\n\n\n\n<figure class=\"wp-block-gallery columns-1 is-cropped\"><ul class=\"blocks-gallery-grid\"><li class=\"blocks-gallery-item\"><figure><img loading=\"lazy\" width=\"1024\" height=\"683\" src=\"https:\/\/www.dentie.sk\/wp-content\/uploads\/2021\/04\/DSC3642-3-1024x683.jpg\" alt=\"\" data-id=\"180\" data-full-url=\"https:\/\/www.dentie.sk\/wp-content\/uploads\/2021\/04\/DSC3642-3-scaled.jpg\" data-link=\"https:\/\/www.dentie.sk\/?attachment_id=180\" class=\"wp-image-180\" srcset=\"https:\/\/www.dentie.sk\/wp-content\/uploads\/2021\/04\/DSC3642-3-1024x683.jpg 1024w, https:\/\/www.dentie.sk\/wp-content\/uploads\/2021\/04\/DSC3642-3-300x200.jpg 300w, https:\/\/www.dentie.sk\/wp-content\/uploads\/2021\/04\/DSC3642-3-768x512.jpg 768w, https:\/\/www.dentie.sk\/wp-content\/uploads\/2021\/04\/DSC3642-3-1536x1024.jpg 1536w, https:\/\/www.dentie.sk\/wp-content\/uploads\/2021\/04\/DSC3642-3-2048x1366.jpg 2048w\" sizes=\"(max-width: 1024px) 100vw, 1024px\" \/><figcaption class=\"blocks-gallery-item__caption\">Detsk\u00fd k\u00fatik<\/figcaption><\/figure><\/li><\/ul><\/figure>\n\n\n\n<figure class=\"wp-block-gallery columns-1 is-cropped\"><ul class=\"blocks-gallery-grid\"><li class=\"blocks-gallery-item\"><figure><img loading=\"lazy\" width=\"1024\" height=\"683\" src=\"https:\/\/www.dentie.sk\/wp-content\/uploads\/2021\/04\/DSC3653-1-1024x683.jpg\" alt=\"\" data-id=\"181\" data-full-url=\"https:\/\/www.dentie.sk\/wp-content\/uploads\/2021\/04\/DSC3653-1-scaled.jpg\" data-link=\"https:\/\/www.dentie.sk\/?attachment_id=181\" class=\"wp-image-181\" srcset=\"https:\/\/www.dentie.sk\/wp-content\/uploads\/2021\/04\/DSC3653-1-1024x683.jpg 1024w, https:\/\/www.dentie.sk\/wp-content\/uploads\/2021\/04\/DSC3653-1-300x200.jpg 300w, https:\/\/www.dentie.sk\/wp-content\/uploads\/2021\/04\/DSC3653-1-768x512.jpg 768w, https:\/\/www.dentie.sk\/wp-content\/uploads\/2021\/04\/DSC3653-1-1536x1024.jpg 1536w, https:\/\/www.dentie.sk\/wp-content\/uploads\/2021\/04\/DSC3653-1-2048x1366.jpg 2048w\" sizes=\"(max-width: 1024px) 100vw, 1024px\" \/><figcaption class=\"blocks-gallery-item__caption\">Zubn\u00e1 ambulancia<\/figcaption><\/figure><\/li><\/ul><\/figure>\n\n\n\n<figure class=\"wp-block-gallery columns-1 is-cropped\"><ul class=\"blocks-gallery-grid\"><li class=\"blocks-gallery-item\"><figure><img loading=\"lazy\" width=\"1024\" height=\"683\" src=\"https:\/\/www.dentie.sk\/wp-content\/uploads\/2021\/04\/DSC3681-1024x683.jpg\" alt=\"\" data-id=\"73\" data-full-url=\"https:\/\/www.dentie.sk\/wp-content\/uploads\/2021\/04\/DSC3681-scaled.jpg\" data-link=\"https:\/\/www.dentie.sk\/?attachment_id=73\" class=\"wp-image-73\" srcset=\"https:\/\/www.dentie.sk\/wp-content\/uploads\/2021\/04\/DSC3681-1024x683.jpg 1024w, https:\/\/www.dentie.sk\/wp-content\/uploads\/2021\/04\/DSC3681-300x200.jpg 300w, https:\/\/www.dentie.sk\/wp-content\/uploads\/2021\/04\/DSC3681-768x512.jpg 768w, https:\/\/www.dentie.sk\/wp-content\/uploads\/2021\/04\/DSC3681-1536x1024.jpg 1536w, https:\/\/www.dentie.sk\/wp-content\/uploads\/2021\/04\/DSC3681-2048x1366.jpg 2048w\" sizes=\"(max-width: 1024px) 100vw, 1024px\" \/><figcaption class=\"blocks-gallery-item__caption\">Ambulancia dent\u00e1lnej hygieny<\/figcaption><\/figure><\/li><\/ul><\/figure>\n\n\n\n<figure class=\"wp-block-image size-large\"><img loading=\"lazy\" width=\"1024\" height=\"683\" src=\"https:\/\/www.dentie.sk\/wp-content\/uploads\/2021\/04\/DSC3749-1024x683.jpg\" alt=\"\" class=\"wp-image-116\" srcset=\"https:\/\/www.dentie.sk\/wp-content\/uploads\/2021\/04\/DSC3749-1024x683.jpg 1024w, https:\/\/www.dentie.sk\/wp-content\/uploads\/2021\/04\/DSC3749-300x200.jpg 300w, https:\/\/www.dentie.sk\/wp-content\/uploads\/2021\/04\/DSC3749-768x512.jpg 768w, https:\/\/www.dentie.sk\/wp-content\/uploads\/2021\/04\/DSC3749-1536x1024.jpg 1536w, https:\/\/www.dentie.sk\/wp-content\/uploads\/2021\/04\/DSC3749-2048x1366.jpg 2048w\" sizes=\"(max-width: 1024px) 100vw, 1024px\" \/><\/figure>\n\n\n\n<figure class=\"wp-block-image size-large\"><img loading=\"lazy\" width=\"1024\" height=\"683\" src=\"https:\/\/www.dentie.sk\/wp-content\/uploads\/2021\/04\/DSC3650-1024x683.jpg\" alt=\"\" class=\"wp-image-111\" srcset=\"https:\/\/www.dentie.sk\/wp-content\/uploads\/2021\/04\/DSC3650-1024x683.jpg 1024w, https:\/\/www.dentie.sk\/wp-content\/uploads\/2021\/04\/DSC3650-300x200.jpg 300w, https:\/\/www.dentie.sk\/wp-content\/uploads\/2021\/04\/DSC3650-768x512.jpg 768w, https:\/\/www.dentie.sk\/wp-content\/uploads\/2021\/04\/DSC3650-1536x1024.jpg 1536w, https:\/\/www.dentie.sk\/wp-content\/uploads\/2021\/04\/DSC3650-2048x1366.jpg 2048w\" sizes=\"(max-width: 1024px) 100vw, 1024px\" \/><\/figure>\n\n\n\n<figure class=\"wp-block-image size-large\"><img loading=\"lazy\" width=\"1024\" height=\"683\" src=\"https:\/\/www.dentie.sk\/wp-content\/uploads\/2021\/04\/DSC3707-1024x683.jpg\" alt=\"\" class=\"wp-image-113\" srcset=\"https:\/\/www.dentie.sk\/wp-content\/uploads\/2021\/04\/DSC3707-1024x683.jpg 1024w, https:\/\/www.dentie.sk\/wp-content\/uploads\/2021\/04\/DSC3707-300x200.jpg 300w, https:\/\/www.dentie.sk\/wp-content\/uploads\/2021\/04\/DSC3707-768x512.jpg 768w, https:\/\/www.dentie.sk\/wp-content\/uploads\/2021\/04\/DSC3707-1536x1024.jpg 1536w, https:\/\/www.dentie.sk\/wp-content\/uploads\/2021\/04\/DSC3707-2048x1366.jpg 2048w\" sizes=\"(max-width: 1024px) 100vw, 1024px\" \/><\/figure>\n\n\n\n<figure class=\"wp-block-image size-large\"><img loading=\"lazy\" width=\"683\" height=\"1024\" src=\"https:\/\/www.dentie.sk\/wp-content\/uploads\/2021\/04\/DSC3716-683x1024.jpg\" alt=\"\" class=\"wp-image-115\" srcset=\"https:\/\/www.dentie.sk\/wp-content\/uploads\/2021\/04\/DSC3716-683x1024.jpg 683w, https:\/\/www.dentie.sk\/wp-content\/uploads\/2021\/04\/DSC3716-200x300.jpg 200w, https:\/\/www.dentie.sk\/wp-content\/uploads\/2021\/04\/DSC3716-768x1152.jpg 768w, https:\/\/www.dentie.sk\/wp-content\/uploads\/2021\/04\/DSC3716-1024x1536.jpg 1024w, https:\/\/www.dentie.sk\/wp-content\/uploads\/2021\/04\/DSC3716-1366x2048.jpg 1366w, https:\/\/www.dentie.sk\/wp-content\/uploads\/2021\/04\/DSC3716-scaled.jpg 1707w\" sizes=\"(max-width: 683px) 100vw, 683px\" \/><\/figure>\n","protected":false},"excerpt":{"rendered":"","protected":false},"author":1,"featured_media":0,"parent":0,"menu_order":0,"comment_status":"closed","ping_status":"closed","template":"","meta":[],"yoast_head":"<!-- This site is optimized with the Yoast SEO plugin v16.0.2 - https:\/\/yoast.com\/wordpress\/plugins\/seo\/ -->\n<title>Fotogal\u00e9ria - DENTIE zubn\u00e1 ambulancia a ambulancia dent\u00e1lnej hygieny<\/title>\n<meta name=\"robots\" content=\"index, follow, max-snippet:-1, max-image-preview:large, max-video-preview:-1\" \/>\n<link rel=\"canonical\" href=\"https:\/\/www.dentie.sk\/?page_id=16\" \/>\n<meta property=\"og:locale\" content=\"sk_SK\" \/>\n<meta property=\"og:type\" content=\"article\" \/>\n<meta property=\"og:title\" content=\"Fotogal\u00e9ria - DENTIE zubn\u00e1 ambulancia a ambulancia dent\u00e1lnej hygieny\" \/>\n<meta property=\"og:url\" content=\"https:\/\/www.dentie.sk\/?page_id=16\" \/>\n<meta property=\"og:site_name\" content=\"DENTIE zubn\u00e1 ambulancia a ambulancia dent\u00e1lnej hygieny\" \/>\n<meta property=\"article:modified_time\" content=\"2021-04-25T14:58:01+00:00\" \/>\n<meta property=\"og:image\" content=\"https:\/\/www.dentie.sk\/wp-content\/uploads\/2021\/04\/DSC3631-1-1024x683.jpg\" \/>\n<meta name=\"twitter:card\" content=\"summary_large_image\" \/>\n<meta name=\"twitter:label1\" content=\"Predpokladan\u00fd \u010das \u010d\u00edtania\">\n\t<meta name=\"twitter:data1\" content=\"2 min\u00faty\">\n<script type=\"application\/ld+json\" class=\"yoast-schema-graph\">{\"@context\":\"https:\/\/schema.org\",\"@graph\":[{\"@type\":\"WebSite\",\"@id\":\"https:\/\/www.dentie.sk\/#website\",\"url\":\"https:\/\/www.dentie.sk\/\",\"name\":\"DENTIE zubn\\u00e1 ambulancia a ambulancia dent\\u00e1lnej hygieny\",\"description\":\"\",\"potentialAction\":[{\"@type\":\"SearchAction\",\"target\":\"https:\/\/www.dentie.sk\/?s={search_term_string}\",\"query-input\":\"required name=search_term_string\"}],\"inLanguage\":\"sk-SK\"},{\"@type\":\"ImageObject\",\"@id\":\"https:\/\/www.dentie.sk\/?page_id=16#primaryimage\",\"inLanguage\":\"sk-SK\",\"url\":\"https:\/\/www.dentie.sk\/wp-content\/uploads\/2021\/04\/DSC3631-1-scaled.jpg\",\"width\":2560,\"height\":1707},{\"@type\":\"WebPage\",\"@id\":\"https:\/\/www.dentie.sk\/?page_id=16#webpage\",\"url\":\"https:\/\/www.dentie.sk\/?page_id=16\",\"name\":\"Fotogal\\u00e9ria - DENTIE zubn\\u00e1 ambulancia a ambulancia dent\\u00e1lnej hygieny\",\"isPartOf\":{\"@id\":\"https:\/\/www.dentie.sk\/#website\"},\"primaryImageOfPage\":{\"@id\":\"https:\/\/www.dentie.sk\/?page_id=16#primaryimage\"},\"datePublished\":\"2021-04-24T15:30:15+00:00\",\"dateModified\":\"2021-04-25T14:58:01+00:00\",\"breadcrumb\":{\"@id\":\"https:\/\/www.dentie.sk\/?page_id=16#breadcrumb\"},\"inLanguage\":\"sk-SK\",\"potentialAction\":[{\"@type\":\"ReadAction\",\"target\":[\"https:\/\/www.dentie.sk\/?page_id=16\"]}]},{\"@type\":\"BreadcrumbList\",\"@id\":\"https:\/\/www.dentie.sk\/?page_id=16#breadcrumb\",\"itemListElement\":[{\"@type\":\"ListItem\",\"position\":1,\"item\":{\"@type\":\"WebPage\",\"@id\":\"https:\/\/www.dentie.sk\/\",\"url\":\"https:\/\/www.dentie.sk\/\",\"name\":\"Home\"}},{\"@type\":\"ListItem\",\"position\":2,\"item\":{\"@type\":\"WebPage\",\"@id\":\"https:\/\/www.dentie.sk\/?page_id=16\",\"url\":\"https:\/\/www.dentie.sk\/?page_id=16\",\"name\":\"Fotogal\\u00e9ria\"}}]}]}<\/script>\n<!-- \/ Yoast SEO plugin. -->","_links":{"self":[{"href":"https:\/\/www.dentie.sk\/index.php?rest_route=\/wp\/v2\/pages\/16"}],"collection":[{"href":"https:\/\/www.dentie.sk\/index.php?rest_route=\/wp\/v2\/pages"}],"about":[{"href":"https:\/\/www.dentie.sk\/index.php?rest_route=\/wp\/v2\/types\/page"}],"author":[{"embeddable":true,"href":"https:\/\/www.dentie.sk\/index.php?rest_route=\/wp\/v2\/users\/1"}],"replies":[{"embeddable":true,"href":"https:\/\/www.dentie.sk\/index.php?rest_route=%2Fwp%2Fv2%2Fcomments&post=16"}],"version-history":[{"count":5,"href":"https:\/\/www.dentie.sk\/index.php?rest_route=\/wp\/v2\/pages\/16\/revisions"}],"predecessor-version":[{"id":182,"href":"https:\/\/www.dentie.sk\/index.php?rest_route=\/wp\/v2\/pages\/16\/revisions\/182"}],"wp:attachment":[{"href":"https:\/\/www.dentie.sk\/index.php?rest_route=%2Fwp%2Fv2%2Fmedia&parent=16"}],"curies":[{"name":"wp","href":"https:\/\/api.w.org\/{rel}","templated":true}]}}