{"id":12,"date":"2021-04-24T17:30:15","date_gmt":"2021-04-24T15:30:15","guid":{"rendered":"https:\/\/www.dentie.sk\/?page_id=12"},"modified":"2025-09-26T11:00:43","modified_gmt":"2025-09-26T09:00:43","slug":"zdravotne-poistovne","status":"publish","type":"page","link":"https:\/\/www.dentie.sk\/?page_id=12","title":{"rendered":"Zdravotn\u00e9 pois\u0165ovne"},"content":{"rendered":"\n<p><\/p>\n\n\n\n<p class=\"has-black-color has-text-color\">Zazmluvnen\u00e9 zdravotn\u00e9 pois\u0165ovne: <strong>V\u0160ZP, UNION<\/strong><\/p>\n\n\n\n<p class=\"has-black-color has-text-color\">S <strong>D\u00f4verou <\/strong>zazmluvnenie nem\u00e1me, \u00fahrada v\u0161etk\u00fdch \u00fakonov je na priamu platbu<\/p>\n","protected":false},"excerpt":{"rendered":"<p>Zazmluvnen\u00e9 zdravotn\u00e9 pois\u0165ovne: V\u0160ZP, UNION S D\u00f4verou zazmluvnenie nem\u00e1me, \u00fahrada v\u0161etk\u00fdch \u00fakonov je na priamu platbu<\/p>\n","protected":false},"author":1,"featured_media":0,"parent":0,"menu_order":0,"comment_status":"closed","ping_status":"closed","template":"","meta":[],"yoast_head":"<!-- This site is optimized with the Yoast SEO plugin v16.0.2 - https:\/\/yoast.com\/wordpress\/plugins\/seo\/ -->\n<title>Zdravotn\u00e9 pois\u0165ovne - DENTIE zubn\u00e1 ambulancia a ambulancia dent\u00e1lnej hygieny<\/title>\n<meta name=\"robots\" content=\"index, follow, max-snippet:-1, max-image-preview:large, max-video-preview:-1\" \/>\n<link rel=\"canonical\" href=\"https:\/\/www.dentie.sk\/?page_id=12\" \/>\n<meta property=\"og:locale\" content=\"sk_SK\" \/>\n<meta property=\"og:type\" content=\"article\" \/>\n<meta property=\"og:title\" content=\"Zdravotn\u00e9 pois\u0165ovne - DENTIE zubn\u00e1 ambulancia a ambulancia dent\u00e1lnej hygieny\" \/>\n<meta property=\"og:description\" content=\"Zazmluvnen\u00e9 zdravotn\u00e9 pois\u0165ovne: V\u0160ZP, UNION S D\u00f4verou zazmluvnenie nem\u00e1me, \u00fahrada v\u0161etk\u00fdch \u00fakonov je na priamu platbu\" \/>\n<meta property=\"og:url\" content=\"https:\/\/www.dentie.sk\/?page_id=12\" \/>\n<meta property=\"og:site_name\" content=\"DENTIE zubn\u00e1 ambulancia a ambulancia dent\u00e1lnej hygieny\" \/>\n<meta property=\"article:modified_time\" content=\"2025-09-26T09:00:43+00:00\" \/>\n<meta name=\"twitter:card\" content=\"summary_large_image\" \/>\n<meta name=\"twitter:label1\" content=\"Predpokladan\u00fd \u010das \u010d\u00edtania\">\n\t<meta name=\"twitter:data1\" content=\"1 min\u00fata\">\n<script type=\"application\/ld+json\" class=\"yoast-schema-graph\">{\"@context\":\"https:\/\/schema.org\",\"@graph\":[{\"@type\":\"WebSite\",\"@id\":\"https:\/\/www.dentie.sk\/#website\",\"url\":\"https:\/\/www.dentie.sk\/\",\"name\":\"DENTIE zubn\\u00e1 ambulancia a ambulancia dent\\u00e1lnej hygieny\",\"description\":\"\",\"potentialAction\":[{\"@type\":\"SearchAction\",\"target\":\"https:\/\/www.dentie.sk\/?s={search_term_string}\",\"query-input\":\"required name=search_term_string\"}],\"inLanguage\":\"sk-SK\"},{\"@type\":\"WebPage\",\"@id\":\"https:\/\/www.dentie.sk\/?page_id=12#webpage\",\"url\":\"https:\/\/www.dentie.sk\/?page_id=12\",\"name\":\"Zdravotn\\u00e9 pois\\u0165ovne - DENTIE zubn\\u00e1 ambulancia a ambulancia dent\\u00e1lnej hygieny\",\"isPartOf\":{\"@id\":\"https:\/\/www.dentie.sk\/#website\"},\"datePublished\":\"2021-04-24T15:30:15+00:00\",\"dateModified\":\"2025-09-26T09:00:43+00:00\",\"breadcrumb\":{\"@id\":\"https:\/\/www.dentie.sk\/?page_id=12#breadcrumb\"},\"inLanguage\":\"sk-SK\",\"potentialAction\":[{\"@type\":\"ReadAction\",\"target\":[\"https:\/\/www.dentie.sk\/?page_id=12\"]}]},{\"@type\":\"BreadcrumbList\",\"@id\":\"https:\/\/www.dentie.sk\/?page_id=12#breadcrumb\",\"itemListElement\":[{\"@type\":\"ListItem\",\"position\":1,\"item\":{\"@type\":\"WebPage\",\"@id\":\"https:\/\/www.dentie.sk\/\",\"url\":\"https:\/\/www.dentie.sk\/\",\"name\":\"Home\"}},{\"@type\":\"ListItem\",\"position\":2,\"item\":{\"@type\":\"WebPage\",\"@id\":\"https:\/\/www.dentie.sk\/?page_id=12\",\"url\":\"https:\/\/www.dentie.sk\/?page_id=12\",\"name\":\"Zdravotn\\u00e9 pois\\u0165ovne\"}}]}]}<\/script>\n<!-- \/ Yoast SEO plugin. -->","_links":{"self":[{"href":"https:\/\/www.dentie.sk\/index.php?rest_route=\/wp\/v2\/pages\/12"}],"collection":[{"href":"https:\/\/www.dentie.sk\/index.php?rest_route=\/wp\/v2\/pages"}],"about":[{"href":"https:\/\/www.dentie.sk\/index.php?rest_route=\/wp\/v2\/types\/page"}],"author":[{"embeddable":true,"href":"https:\/\/www.dentie.sk\/index.php?rest_route=\/wp\/v2\/users\/1"}],"replies":[{"embeddable":true,"href":"https:\/\/www.dentie.sk\/index.php?rest_route=%2Fwp%2Fv2%2Fcomments&post=12"}],"version-history":[{"count":6,"href":"https:\/\/www.dentie.sk\/index.php?rest_route=\/wp\/v2\/pages\/12\/revisions"}],"predecessor-version":[{"id":590,"href":"https:\/\/www.dentie.sk\/index.php?rest_route=\/wp\/v2\/pages\/12\/revisions\/590"}],"wp:attachment":[{"href":"https:\/\/www.dentie.sk\/index.php?rest_route=%2Fwp%2Fv2%2Fmedia&parent=12"}],"curies":[{"name":"wp","href":"https:\/\/api.w.org\/{rel}","templated":true}]}}