{"id":11,"date":"2021-04-24T17:30:15","date_gmt":"2021-04-24T15:30:15","guid":{"rendered":"https:\/\/www.dentie.sk\/?page_id=11"},"modified":"2021-07-10T10:20:24","modified_gmt":"2021-07-10T08:20:24","slug":"sluzby","status":"publish","type":"page","link":"https:\/\/www.dentie.sk\/?page_id=11","title":{"rendered":"Slu\u017eby"},"content":{"rendered":"\n<p><\/p>\n\n\n\n<p class=\"has-black-color has-text-color\" style=\"font-size:17px\">Prevent\u00edvne prehliadky (RTG intraor\u00e1lny, panoramatick\u00fd)<\/p>\n\n\n\n<p class=\"has-black-color has-text-color\" style=\"font-size:17px\">Estetick\u00e1 stomatol\u00f3gia<\/p>\n\n\n\n<p class=\"has-black-color has-text-color\" style=\"font-size:17px\">Konzerva\u010dn\u00e1 stomatol\u00f3gia<\/p>\n\n\n\n<p class=\"has-black-color has-text-color\">Detsk\u00e1 stomatol\u00f3gia<\/p>\n\n\n\n<p class=\"has-black-color has-text-color\" style=\"font-size:17px\">Endodoncia (lie\u010dba kore\u0148a)<\/p>\n\n\n\n<p class=\"has-black-color has-text-color\" style=\"font-size:17px\">Komplexn\u00e9 protetick\u00e9 o\u0161etrenie<\/p>\n\n\n\n<p class=\"has-black-color has-text-color\" style=\"font-size:17px\">Dent\u00e1lna chirurgia<\/p>\n\n\n\n<p class=\"has-black-color has-text-color\" style=\"font-size:17px\">Bielenie zubov (<strong><span style=\"color:#044e79\" class=\"has-inline-color\">dom\u00e1ce <\/span><\/strong>v nosi\u010doch \/ <strong><span style=\"color:#054b74\" class=\"has-inline-color\">vn\u00fatorn\u00e9 <\/span><\/strong>pri sfarben\u00fdch m\u0155tvych zuboch), aplik\u00e1cia Swarovski \u0161perku na zub<\/p>\n\n\n\n<p class=\"has-black-color has-text-color\" style=\"font-size:17px\"><strong>Dent\u00e1lna hygiena<\/strong> &#8211; odstr\u00e1nenie povlakov, zubn\u00e9ho kame\u0148a, in\u0161trukt\u00e1\u017e \u010distenia s pom\u00f4ckami,  pieskovanie (air-flow), fluorid\u00e1cia<\/p>\n\n\n\n<p><\/p>\n\n\n\n<p>_______________________________________________________________________________________________________________________<\/p>\n\n\n\n<p class=\"has-black-color has-text-color\">Info pre pacientov: <em>V pr\u00edpade komplikovanej\u0161ieho \u00farazu<\/em> <em>zubu<\/em>, kde d\u00f4jde k zlomeniu v\u00e4\u010d\u0161ej \u010dasti zubnej korunky \u010di vypadnutiu cel\u00e9ho zuba (najm\u00e4 u det\u00ed \u010di dospel\u00fdch napr.pri \u0161porte &#8211; t\u00fdka sa ale len trval\u00fdch zubov) , je potreba \u010do najr\u00fdchlej\u0161ie n\u00e1s kontaktova\u0165 (rozhoduj\u00faci \u010das pre priazniv\u00fa progn\u00f3zu o\u0161etri\u0165 do 1h !) a ak je mo\u017en\u00e9, prinies\u0165 zlomen\u00fa \u010das\u0165 zuba (m\u00f4\u017ee pom\u00f4c\u0165 pri obnove rekon\u0161trukcie zuba) alebo cel\u00fd zub-najlep\u0161ie ho vlo\u017ei\u0165 do n\u00e1dobky so slinou, mliekom alebo fyziologick\u00fdm roztokom, samotn\u00fd zub nedezinfikujte ni\u010d\u00edm, len ho pr\u00edpadne z\u013eahka treba o\u010disti\u0165, ak je od hliny.<\/p>\n","protected":false},"excerpt":{"rendered":"<p>Prevent\u00edvne prehliadky (RTG intraor\u00e1lny, panoramatick\u00fd) Estetick\u00e1 stomatol\u00f3gia Konzerva\u010dn\u00e1 stomatol\u00f3gia Detsk\u00e1 stomatol\u00f3gia Endodoncia (lie\u010dba kore\u0148a) Komplexn\u00e9 protetick\u00e9 o\u0161etrenie Dent\u00e1lna chirurgia Bielenie zubov (dom\u00e1ce v nosi\u010doch \/ vn\u00fatorn\u00e9 pri sfarben\u00fdch m\u0155tvych zuboch), aplik\u00e1cia Swarovski \u0161perku na zub Dent\u00e1lna hygiena &#8211; odstr\u00e1nenie povlakov, zubn\u00e9ho kame\u0148a, in\u0161trukt\u00e1\u017e \u010distenia s pom\u00f4ckami, pieskovanie (air-flow), fluorid\u00e1cia _______________________________________________________________________________________________________________________ Info pre pacientov: V pr\u00edpade [&hellip;]<\/p>\n","protected":false},"author":1,"featured_media":0,"parent":0,"menu_order":0,"comment_status":"closed","ping_status":"closed","template":"","meta":[],"yoast_head":"<!-- This site is optimized with the Yoast SEO plugin v16.0.2 - https:\/\/yoast.com\/wordpress\/plugins\/seo\/ -->\n<title>Slu\u017eby - DENTIE zubn\u00e1 ambulancia a ambulancia dent\u00e1lnej hygieny<\/title>\n<meta name=\"robots\" content=\"index, follow, max-snippet:-1, max-image-preview:large, max-video-preview:-1\" \/>\n<link rel=\"canonical\" href=\"https:\/\/www.dentie.sk\/?page_id=11\" \/>\n<meta property=\"og:locale\" content=\"sk_SK\" \/>\n<meta property=\"og:type\" content=\"article\" \/>\n<meta property=\"og:title\" content=\"Slu\u017eby - DENTIE zubn\u00e1 ambulancia a ambulancia dent\u00e1lnej hygieny\" \/>\n<meta property=\"og:description\" content=\"Prevent\u00edvne prehliadky (RTG intraor\u00e1lny, panoramatick\u00fd) Estetick\u00e1 stomatol\u00f3gia Konzerva\u010dn\u00e1 stomatol\u00f3gia Detsk\u00e1 stomatol\u00f3gia Endodoncia (lie\u010dba kore\u0148a) Komplexn\u00e9 protetick\u00e9 o\u0161etrenie Dent\u00e1lna chirurgia Bielenie zubov (dom\u00e1ce v nosi\u010doch \/ vn\u00fatorn\u00e9 pri sfarben\u00fdch m\u0155tvych zuboch), aplik\u00e1cia Swarovski \u0161perku na zub Dent\u00e1lna hygiena &#8211; odstr\u00e1nenie povlakov, zubn\u00e9ho kame\u0148a, in\u0161trukt\u00e1\u017e \u010distenia s pom\u00f4ckami, pieskovanie (air-flow), fluorid\u00e1cia _______________________________________________________________________________________________________________________ Info pre pacientov: V pr\u00edpade [&hellip;]\" \/>\n<meta property=\"og:url\" content=\"https:\/\/www.dentie.sk\/?page_id=11\" \/>\n<meta property=\"og:site_name\" content=\"DENTIE zubn\u00e1 ambulancia a ambulancia dent\u00e1lnej hygieny\" \/>\n<meta property=\"article:modified_time\" content=\"2021-07-10T08:20:24+00:00\" \/>\n<meta name=\"twitter:card\" content=\"summary_large_image\" \/>\n<meta name=\"twitter:label1\" content=\"Predpokladan\u00fd \u010das \u010d\u00edtania\">\n\t<meta name=\"twitter:data1\" content=\"1 min\u00fata\">\n<script type=\"application\/ld+json\" class=\"yoast-schema-graph\">{\"@context\":\"https:\/\/schema.org\",\"@graph\":[{\"@type\":\"WebSite\",\"@id\":\"https:\/\/www.dentie.sk\/#website\",\"url\":\"https:\/\/www.dentie.sk\/\",\"name\":\"DENTIE zubn\\u00e1 ambulancia a ambulancia dent\\u00e1lnej hygieny\",\"description\":\"\",\"potentialAction\":[{\"@type\":\"SearchAction\",\"target\":\"https:\/\/www.dentie.sk\/?s={search_term_string}\",\"query-input\":\"required name=search_term_string\"}],\"inLanguage\":\"sk-SK\"},{\"@type\":\"WebPage\",\"@id\":\"https:\/\/www.dentie.sk\/?page_id=11#webpage\",\"url\":\"https:\/\/www.dentie.sk\/?page_id=11\",\"name\":\"Slu\\u017eby - DENTIE zubn\\u00e1 ambulancia a ambulancia dent\\u00e1lnej hygieny\",\"isPartOf\":{\"@id\":\"https:\/\/www.dentie.sk\/#website\"},\"datePublished\":\"2021-04-24T15:30:15+00:00\",\"dateModified\":\"2021-07-10T08:20:24+00:00\",\"breadcrumb\":{\"@id\":\"https:\/\/www.dentie.sk\/?page_id=11#breadcrumb\"},\"inLanguage\":\"sk-SK\",\"potentialAction\":[{\"@type\":\"ReadAction\",\"target\":[\"https:\/\/www.dentie.sk\/?page_id=11\"]}]},{\"@type\":\"BreadcrumbList\",\"@id\":\"https:\/\/www.dentie.sk\/?page_id=11#breadcrumb\",\"itemListElement\":[{\"@type\":\"ListItem\",\"position\":1,\"item\":{\"@type\":\"WebPage\",\"@id\":\"https:\/\/www.dentie.sk\/\",\"url\":\"https:\/\/www.dentie.sk\/\",\"name\":\"Home\"}},{\"@type\":\"ListItem\",\"position\":2,\"item\":{\"@type\":\"WebPage\",\"@id\":\"https:\/\/www.dentie.sk\/?page_id=11\",\"url\":\"https:\/\/www.dentie.sk\/?page_id=11\",\"name\":\"Slu\\u017eby\"}}]}]}<\/script>\n<!-- \/ Yoast SEO plugin. -->","_links":{"self":[{"href":"https:\/\/www.dentie.sk\/index.php?rest_route=\/wp\/v2\/pages\/11"}],"collection":[{"href":"https:\/\/www.dentie.sk\/index.php?rest_route=\/wp\/v2\/pages"}],"about":[{"href":"https:\/\/www.dentie.sk\/index.php?rest_route=\/wp\/v2\/types\/page"}],"author":[{"embeddable":true,"href":"https:\/\/www.dentie.sk\/index.php?rest_route=\/wp\/v2\/users\/1"}],"replies":[{"embeddable":true,"href":"https:\/\/www.dentie.sk\/index.php?rest_route=%2Fwp%2Fv2%2Fcomments&post=11"}],"version-history":[{"count":6,"href":"https:\/\/www.dentie.sk\/index.php?rest_route=\/wp\/v2\/pages\/11\/revisions"}],"predecessor-version":[{"id":270,"href":"https:\/\/www.dentie.sk\/index.php?rest_route=\/wp\/v2\/pages\/11\/revisions\/270"}],"wp:attachment":[{"href":"https:\/\/www.dentie.sk\/index.php?rest_route=%2Fwp%2Fv2%2Fmedia&parent=11"}],"curies":[{"name":"wp","href":"https:\/\/api.w.org\/{rel}","templated":true}]}}